{"id":14317,"date":"2018-12-26T17:28:50","date_gmt":"2018-12-26T16:28:50","guid":{"rendered":"https:\/\/autoedu.info\/oprema-i-alati\/"},"modified":"2023-04-06T23:41:22","modified_gmt":"2023-04-06T21:41:22","slug":"ausruestung-und-werkzeuge","status":"publish","type":"page","link":"https:\/\/autoedu.info\/de\/ausruestung-und-werkzeuge\/","title":{"rendered":"Ausr\u00fcstung und werkzeuge"},"content":{"rendered":"<div id=\"tdi_1\" class=\"tdc-row\"><div class=\"vc_row tdi_2 sadrzaj wpb_row td-pb-row\" >\n<style scoped>\n\/* custom css - generated by TagDiv Composer *\/\n\n\/* custom css - generated by TagDiv Composer *\/\n.tdi_2,\r\n                .tdi_2 .tdc-columns{\r\n                    min-height: 0;\r\n                }.tdi_2,\r\n\t\t\t\t.tdi_2 .tdc-columns{\r\n\t\t\t\t    display: block;\r\n\t\t\t\t}.tdi_2 .tdc-columns{\r\n\t\t\t\t    width: 100%;\r\n\t\t\t\t}.tdi_2:before,\r\n\t\t\t\t.tdi_2:after{\r\n\t\t\t\t    display: table;\r\n\t\t\t\t}\n<\/style><div class=\"vc_column tdi_4  wpb_column vc_column_container tdc-column td-pb-span12\">\n<style scoped>\n\/* custom css - generated by TagDiv Composer *\/\n\n\/* custom css - generated by TagDiv Composer *\/\n.tdi_4{\r\n                    vertical-align: baseline;\r\n                }.tdi_4 > .wpb_wrapper,\r\n\t\t\t\t.tdi_4 > .wpb_wrapper > .tdc-elements{\r\n\t\t\t\t    display: block;\r\n\t\t\t\t}.tdi_4 > .wpb_wrapper > .tdc-elements{\r\n\t\t\t\t    width: 100%;\r\n\t\t\t\t}.tdi_4 > .wpb_wrapper > .vc_row_inner{\r\n\t\t\t\t    width: auto;\r\n\t\t\t\t}.tdi_4 > .wpb_wrapper{\r\n\t\t\t\t    width: auto;\r\n\t\t\t\t    height: auto;\r\n\t\t\t\t}\n<\/style><div class=\"wpb_wrapper\" >\n <!-- A generated by theme --> \n\n<script async src=\"\/\/pagead2.googlesyndication.com\/pagead\/js\/adsbygoogle.js\"><\/script><div class=\"td-g-rec td-g-rec-id-custom_ad_2 tdi_5 td_block_template_1 \">\n\n<style>\n\/* custom css - generated by TagDiv Composer *\/\n.tdi_5.td-a-rec{\r\n\t\t\t\t\ttext-align: center;\r\n\t\t\t\t}.tdi_5.td-a-rec:not(.td-a-rec-no-translate){\r\n\t\t\t\t    transform: translateZ(0);\r\n\t\t\t\t}.tdi_5 .td-element-style{\r\n\t\t\t\t\tz-index: -1;\r\n\t\t\t\t}.tdi_5.td-a-rec-img{\r\n\t\t\t\t    text-align: left;\r\n\t\t\t\t}.tdi_5.td-a-rec-img img{\r\n                    margin: 0 auto 0 0;\r\n                }.tdi_5 .td_spot_img_all img,\r\n\t\t\t\t.tdi_5 .td_spot_img_tl img,\r\n\t\t\t\t.tdi_5 .td_spot_img_tp img,\r\n\t\t\t\t.tdi_5 .td_spot_img_mob img{\r\n\t\t\t\t    border-style: none;\r\n\t\t\t\t}@media (max-width: 767px) {\r\n\t\t\t\t    .tdi_5.td-a-rec-img {\r\n\t\t\t\t        text-align: center;\r\n\t\t\t\t    }\r\n                }\n<\/style><script type=\"text\/javascript\">\nvar td_screen_width = window.innerWidth;\nwindow.addEventListener(\"load\", function(){            \r\n\t            var placeAdEl = document.getElementById(\"td-ad-placeholder\");\r\n\t\t\t    if ( null !== placeAdEl && td_screen_width >= 1140 ) {\r\n\t\t\t        \r\n\t\t\t        \/* large monitors *\/\r\n\t\t\t        var adEl = document.createElement(\"ins\");\r\n\t\t            placeAdEl.replaceWith(adEl);\t\r\n\t\t            adEl.setAttribute(\"class\", \"adsbygoogle\");\r\n\t\t            adEl.setAttribute(\"style\", \"display:inline-block;width:970px;height:250px\");\t            \t\t                \r\n\t\t            adEl.setAttribute(\"data-ad-client\", \"ca-pub-8428072374152349\");\r\n\t\t            adEl.setAttribute(\"data-ad-slot\", \"9005325462\");\t            \r\n\t\t\t        (adsbygoogle = window.adsbygoogle || []).push({});\r\n\t\t\t    }\r\n\t\t\t});window.addEventListener(\"load\", function(){            \r\n\t            var placeAdEl = document.getElementById(\"td-ad-placeholder\");\r\n\t\t\t    if ( null !== placeAdEl && td_screen_width >= 1019  && td_screen_width < 1140 ) {\r\n\t\t\t    \r\n\t\t\t        \/* landscape tablets *\/\r\n\t\t\t        var adEl = document.createElement(\"ins\");\r\n\t\t            placeAdEl.replaceWith(adEl);\t\r\n\t\t            adEl.setAttribute(\"class\", \"adsbygoogle\");\r\n\t\t            adEl.setAttribute(\"style\", \"display:inline-block;width:970px;height:250px\");\t            \t\t                \r\n\t\t            adEl.setAttribute(\"data-ad-client\", \"ca-pub-8428072374152349\");\r\n\t\t            adEl.setAttribute(\"data-ad-slot\", \"9005325462\");\t            \r\n\t\t\t        (adsbygoogle = window.adsbygoogle || []).push({});\r\n\t\t\t    }\r\n\t\t\t});window.addEventListener(\"load\", function(){            \r\n\t            var placeAdEl = document.getElementById(\"td-ad-placeholder\");\r\n\t\t\t    if ( null !== placeAdEl && td_screen_width >= 768  && td_screen_width < 1019 ) {\r\n\t\t\t    \r\n\t\t\t        \/* portrait tablets *\/\r\n\t\t\t        var adEl = document.createElement(\"ins\");\r\n\t\t            placeAdEl.replaceWith(adEl);\t\r\n\t\t            adEl.setAttribute(\"class\", \"adsbygoogle\");\r\n\t\t            adEl.setAttribute(\"style\", \"display:inline-block;width:200px;height:200px\");\t            \t\t                \r\n\t\t            adEl.setAttribute(\"data-ad-client\", \"ca-pub-8428072374152349\");\r\n\t\t            adEl.setAttribute(\"data-ad-slot\", \"9005325462\");\t            \r\n\t\t\t        (adsbygoogle = window.adsbygoogle || []).push({});\r\n\t\t\t    }\r\n\t\t\t});window.addEventListener(\"load\", function(){            \r\n\t            var placeAdEl = document.getElementById(\"td-ad-placeholder\");\r\n\t\t\t    if ( null !== placeAdEl && td_screen_width < 768 ) {\r\n\t\t\t    \r\n\t\t\t        \/* Phones *\/\r\n\t\t\t        var adEl = document.createElement(\"ins\");\r\n\t\t            placeAdEl.replaceWith(adEl);\t\r\n\t\t            adEl.setAttribute(\"class\", \"adsbygoogle\");\r\n\t\t            adEl.setAttribute(\"style\", \"display:inline-block;width:300px;height:250px\");\t            \t\t                \r\n\t\t            adEl.setAttribute(\"data-ad-client\", \"ca-pub-8428072374152349\");\r\n\t\t            adEl.setAttribute(\"data-ad-slot\", \"9005325462\");\t            \r\n\t\t\t        (adsbygoogle = window.adsbygoogle || []).push({});\r\n\t\t\t    }\r\n\t\t\t});<\/script>\n<noscript id=\"td-ad-placeholder\"><\/noscript><\/div>\n\n <!-- end A --> \n\n[vc_column_text el_class=&#8220;tekst-naslovna&#8220;]\r\n<h2 style=\"text-align: center;\"><strong>Ausr\u00fcstung und werkzeuge<\/strong><\/h2>\r\nDie Wartung und Reparatur von Autos erfordert die Verwendung geeigneter Werkzeuge und Ger\u00e4te. Viele Werkzeuge sind in Autowerkst\u00e4tten weit verbreitet und werden t\u00e4glich verwendet. Es gibt auch spezialisierte f\u00fcr spezifische Reparaturen an bestimmten Fahrzeugsystemen.\r\n\r\nEin Kfz-Techniker m\u00fcssen mit jedem Werkzeug und jeder Ausr\u00fcstung, ihrem Zweck und ihrer ordnungsgem\u00e4\u00dfen Verwendung gut vertraut sein. Bei bestimmungsgem\u00e4\u00dfer Verwendung erleichtern sie den Servicetechnikern den Prozess der Fahrzeugwartung und -reparatur.\r\n\r\nIn diesem Teil werden Ihnen die Arten und die Beschreibung der Vorgehensweise bei der Verwendung von Werkzeugen, Werkstatt- und Messmitteln vorgestellt, die in Autowerkst\u00e4tten f\u00fcr Arbeiten an Fahrzeugen verwendet werden.[\/vc_column_text]<div class=\"vc_row_inner tdi_7  vc_row vc_inner wpb_row td-pb-row\" >\n<style scoped>\n\/* custom css - generated by TagDiv Composer *\/\n\n\/* custom css - generated by TagDiv Composer *\/\n.tdi_7{\r\n                    position: relative !important;\r\n                    top: 0;\r\n                    transform: none;\r\n                    -webkit-transform: none;\r\n                }.tdi_7,\r\n\t\t\t\t.tdi_7 .tdc-inner-columns{\r\n\t\t\t\t    display: block;\r\n\t\t\t\t}.tdi_7 .tdc-inner-columns{\r\n\t\t\t\t    width: 100%;\r\n\t\t\t\t}\n<\/style><div class=\"vc_column_inner tdi_9  wpb_column vc_column_container tdc-inner-column td-pb-span4\">\n<style scoped>\n\/* custom css - generated by TagDiv Composer *\/\n\n\/* custom css - generated by TagDiv Composer *\/\n.tdi_9{\r\n                    vertical-align: baseline;\r\n                }.tdi_9 .vc_column-inner > .wpb_wrapper,\r\n\t\t\t\t.tdi_9 .vc_column-inner > .wpb_wrapper .tdc-elements{\r\n\t\t\t\t    display: block;\r\n\t\t\t\t}.tdi_9 .vc_column-inner > .wpb_wrapper .tdc-elements{\r\n\t\t\t\t    width: 100%;\r\n\t\t\t\t}\n<\/style><div class=\"vc_column-inner\"><div class=\"wpb_wrapper\" >[vc_single_image image=&#8220;14474&#8243; img_size=&#8220;300&#215;76&#8243; alignment=&#8220;center&#8220; media_size_image_height=&#8220;108&#8243; media_size_image_width=&#8220;300&#8243; width=&#8220;auto&#8220; height=&#8220;55&#8243; size=&#8220;contain&#8220; image_url=&#8220;https:\/\/autoedu.info\/oprema-i-alati\/alat\/&#8220; tdc_css=&#8220;eyJhbGwiOnsiZGlzcGxheSI6IiJ9fQ==&#8220;]<\/div><\/div><\/div><div class=\"vc_column_inner tdi_11  wpb_column vc_column_container tdc-inner-column td-pb-span4\">\n<style scoped>\n\/* custom css - generated by TagDiv Composer *\/\n\n\/* custom css - generated by TagDiv Composer *\/\n.tdi_11{\r\n                    vertical-align: baseline;\r\n                }.tdi_11 .vc_column-inner > .wpb_wrapper,\r\n\t\t\t\t.tdi_11 .vc_column-inner > .wpb_wrapper .tdc-elements{\r\n\t\t\t\t    display: block;\r\n\t\t\t\t}.tdi_11 .vc_column-inner > .wpb_wrapper .tdc-elements{\r\n\t\t\t\t    width: 100%;\r\n\t\t\t\t}\n<\/style><div class=\"vc_column-inner\"><div class=\"wpb_wrapper\" >[vc_single_image image=&#8220;14470&#8243; img_size=&#8220;300&#215;76&#8243; alignment=&#8220;center&#8220; media_size_image_height=&#8220;108&#8243; media_size_image_width=&#8220;300&#8243; width=&#8220;auto&#8220; height=&#8220;55&#8243; size=&#8220;contain&#8220; image_url=&#8220;https:\/\/autoedu.info\/oprema-i-alati\/radionicka-oprema\/&#8220; tdc_css=&#8220;eyJhbGwiOnsiZGlzcGxheSI6IiJ9fQ==&#8220;]<\/div><\/div><\/div><div class=\"vc_column_inner tdi_13  wpb_column vc_column_container tdc-inner-column td-pb-span4\">\n<style scoped>\n\/* custom css - generated by TagDiv Composer *\/\n\n\/* custom css - generated by TagDiv Composer *\/\n.tdi_13{\r\n                    vertical-align: baseline;\r\n                }.tdi_13 .vc_column-inner > .wpb_wrapper,\r\n\t\t\t\t.tdi_13 .vc_column-inner > .wpb_wrapper .tdc-elements{\r\n\t\t\t\t    display: block;\r\n\t\t\t\t}.tdi_13 .vc_column-inner > .wpb_wrapper .tdc-elements{\r\n\t\t\t\t    width: 100%;\r\n\t\t\t\t}\n<\/style><div class=\"vc_column-inner\"><div class=\"wpb_wrapper\" >[vc_single_image image=&#8220;14466&#8243; img_size=&#8220;300&#215;75&#8243; alignment=&#8220;center&#8220; media_size_image_height=&#8220;108&#8243; media_size_image_width=&#8220;300&#8243; width=&#8220;auto&#8220; height=&#8220;55&#8243; size=&#8220;contain&#8220; image_url=&#8220;https:\/\/autoedu.info\/oprema-i-alati\/merna-oprema\/&#8220;]<\/div><\/div><\/div><\/div><\/div><\/div><\/div><\/div><div id=\"tdi_14\" class=\"tdc-row\"><div class=\"vc_row tdi_15  wpb_row td-pb-row\" >\n<style scoped>\n\/* custom css - generated by TagDiv Composer *\/\n\n\/* custom css - generated by TagDiv Composer *\/\n.tdi_15,\r\n                .tdi_15 .tdc-columns{\r\n                    min-height: 0;\r\n                }.tdi_15,\r\n\t\t\t\t.tdi_15 .tdc-columns{\r\n\t\t\t\t    display: block;\r\n\t\t\t\t}.tdi_15 .tdc-columns{\r\n\t\t\t\t    width: 100%;\r\n\t\t\t\t}.tdi_15:before,\r\n\t\t\t\t.tdi_15:after{\r\n\t\t\t\t    display: table;\r\n\t\t\t\t}\n<\/style><div class=\"vc_column tdi_17  wpb_column vc_column_container tdc-column td-pb-span12\">\n<style scoped>\n\/* custom css - generated by TagDiv Composer *\/\n\n\/* custom css - generated by TagDiv Composer *\/\n.tdi_17{\r\n                    vertical-align: baseline;\r\n                }.tdi_17 > .wpb_wrapper,\r\n\t\t\t\t.tdi_17 > .wpb_wrapper > .tdc-elements{\r\n\t\t\t\t    display: block;\r\n\t\t\t\t}.tdi_17 > .wpb_wrapper > .tdc-elements{\r\n\t\t\t\t    width: 100%;\r\n\t\t\t\t}.tdi_17 > .wpb_wrapper > .vc_row_inner{\r\n\t\t\t\t    width: auto;\r\n\t\t\t\t}.tdi_17 > .wpb_wrapper{\r\n\t\t\t\t    width: auto;\r\n\t\t\t\t    height: auto;\r\n\t\t\t\t}\n<\/style><div class=\"wpb_wrapper\" >\n <!-- A generated by theme --> \n\n<script async src=\"\/\/pagead2.googlesyndication.com\/pagead\/js\/adsbygoogle.js\"><\/script><div class=\"td-g-rec td-g-rec-id-custom_ad_2 tdi_18 td_block_template_1 \">\n\n<style>\n\/* custom css - generated by TagDiv Composer *\/\n.tdi_18.td-a-rec{\r\n\t\t\t\t\ttext-align: center;\r\n\t\t\t\t}.tdi_18.td-a-rec:not(.td-a-rec-no-translate){\r\n\t\t\t\t    transform: translateZ(0);\r\n\t\t\t\t}.tdi_18 .td-element-style{\r\n\t\t\t\t\tz-index: -1;\r\n\t\t\t\t}.tdi_18.td-a-rec-img{\r\n\t\t\t\t    text-align: left;\r\n\t\t\t\t}.tdi_18.td-a-rec-img img{\r\n                    margin: 0 auto 0 0;\r\n                }.tdi_18 .td_spot_img_all img,\r\n\t\t\t\t.tdi_18 .td_spot_img_tl img,\r\n\t\t\t\t.tdi_18 .td_spot_img_tp img,\r\n\t\t\t\t.tdi_18 .td_spot_img_mob img{\r\n\t\t\t\t    border-style: none;\r\n\t\t\t\t}@media (max-width: 767px) {\r\n\t\t\t\t    .tdi_18.td-a-rec-img {\r\n\t\t\t\t        text-align: center;\r\n\t\t\t\t    }\r\n                }\n<\/style><script type=\"text\/javascript\">\nvar td_screen_width = window.innerWidth;\nwindow.addEventListener(\"load\", function(){            \r\n\t            var placeAdEl = document.getElementById(\"td-ad-placeholder\");\r\n\t\t\t    if ( null !== placeAdEl && td_screen_width >= 1140 ) {\r\n\t\t\t        \r\n\t\t\t        \/* large monitors *\/\r\n\t\t\t        var adEl = document.createElement(\"ins\");\r\n\t\t            placeAdEl.replaceWith(adEl);\t\r\n\t\t            adEl.setAttribute(\"class\", \"adsbygoogle\");\r\n\t\t            adEl.setAttribute(\"style\", \"display:inline-block;width:970px;height:250px\");\t            \t\t                \r\n\t\t            adEl.setAttribute(\"data-ad-client\", \"ca-pub-8428072374152349\");\r\n\t\t            adEl.setAttribute(\"data-ad-slot\", \"9005325462\");\t            \r\n\t\t\t        (adsbygoogle = window.adsbygoogle || []).push({});\r\n\t\t\t    }\r\n\t\t\t});window.addEventListener(\"load\", function(){            \r\n\t            var placeAdEl = document.getElementById(\"td-ad-placeholder\");\r\n\t\t\t    if ( null !== placeAdEl && td_screen_width >= 1019  && td_screen_width < 1140 ) {\r\n\t\t\t    \r\n\t\t\t        \/* landscape tablets *\/\r\n\t\t\t        var adEl = document.createElement(\"ins\");\r\n\t\t            placeAdEl.replaceWith(adEl);\t\r\n\t\t            adEl.setAttribute(\"class\", \"adsbygoogle\");\r\n\t\t            adEl.setAttribute(\"style\", \"display:inline-block;width:970px;height:250px\");\t            \t\t                \r\n\t\t            adEl.setAttribute(\"data-ad-client\", \"ca-pub-8428072374152349\");\r\n\t\t            adEl.setAttribute(\"data-ad-slot\", \"9005325462\");\t            \r\n\t\t\t        (adsbygoogle = window.adsbygoogle || []).push({});\r\n\t\t\t    }\r\n\t\t\t});window.addEventListener(\"load\", function(){            \r\n\t            var placeAdEl = document.getElementById(\"td-ad-placeholder\");\r\n\t\t\t    if ( null !== placeAdEl && td_screen_width >= 768  && td_screen_width < 1019 ) {\r\n\t\t\t    \r\n\t\t\t        \/* portrait tablets *\/\r\n\t\t\t        var adEl = document.createElement(\"ins\");\r\n\t\t            placeAdEl.replaceWith(adEl);\t\r\n\t\t            adEl.setAttribute(\"class\", \"adsbygoogle\");\r\n\t\t            adEl.setAttribute(\"style\", \"display:inline-block;width:200px;height:200px\");\t            \t\t                \r\n\t\t            adEl.setAttribute(\"data-ad-client\", \"ca-pub-8428072374152349\");\r\n\t\t            adEl.setAttribute(\"data-ad-slot\", \"9005325462\");\t            \r\n\t\t\t        (adsbygoogle = window.adsbygoogle || []).push({});\r\n\t\t\t    }\r\n\t\t\t});window.addEventListener(\"load\", function(){            \r\n\t            var placeAdEl = document.getElementById(\"td-ad-placeholder\");\r\n\t\t\t    if ( null !== placeAdEl && td_screen_width < 768 ) {\r\n\t\t\t    \r\n\t\t\t        \/* Phones *\/\r\n\t\t\t        var adEl = document.createElement(\"ins\");\r\n\t\t            placeAdEl.replaceWith(adEl);\t\r\n\t\t            adEl.setAttribute(\"class\", \"adsbygoogle\");\r\n\t\t            adEl.setAttribute(\"style\", \"display:inline-block;width:300px;height:250px\");\t            \t\t                \r\n\t\t            adEl.setAttribute(\"data-ad-client\", \"ca-pub-8428072374152349\");\r\n\t\t            adEl.setAttribute(\"data-ad-slot\", \"9005325462\");\t            \r\n\t\t\t        (adsbygoogle = window.adsbygoogle || []).push({});\r\n\t\t\t    }\r\n\t\t\t});<\/script>\n<noscript id=\"td-ad-placeholder\"><\/noscript><\/div>\n\n <!-- end A --> \n\n<\/div><\/div><\/div><\/div>","protected":false},"excerpt":{"rendered":"[vc_column_text el_class=\"tekst-naslovna\"] Ausr\u00fcstung und werkzeuge Die Wartung und Reparatur von Autos erfordert die Verwendung geeigneter Werkzeuge und Ger\u00e4te. Viele Werkzeuge sind in Autowerkst\u00e4tten weit verbreitet und werden t\u00e4glich verwendet. Es gibt auch spezialisierte f\u00fcr spezifische Reparaturen an bestimmten Fahrzeugsystemen. Ein Kfz-Techniker m\u00fcssen mit jedem Werkzeug und jeder Ausr\u00fcstung, ihrem Zweck und ihrer ordnungsgem\u00e4\u00dfen Verwendung gut [...]","protected":false},"author":2,"featured_media":14431,"parent":0,"menu_order":0,"comment_status":"closed","ping_status":"closed","template":"","meta":{"footnotes":""},"class_list":["post-14317","page","type-page","status-publish","has-post-thumbnail"],"yoast_head":"<!-- This site is optimized with the Yoast SEO plugin v25.0 - https:\/\/yoast.com\/wordpress\/plugins\/seo\/ -->\n<title>Ausr\u00fcstung und werkzeuge - AutoEdu<\/title>\n<meta name=\"description\" content=\"Die richtige Auswahl und Verwendung von Ausr\u00fcstung und Werkzeugen hilft Autowerkst\u00e4tten, Fahrzeuge erfolgreich zu warten.\" \/>\n<meta name=\"robots\" content=\"index, follow, max-snippet:-1, max-image-preview:large, max-video-preview:-1\" \/>\n<link rel=\"canonical\" href=\"https:\/\/autoedu.info\/de\/ausruestung-und-werkzeuge\/\" \/>\n<meta property=\"og:locale\" content=\"de_DE\" \/>\n<meta property=\"og:type\" content=\"article\" \/>\n<meta property=\"og:title\" content=\"Ausr\u00fcstung und werkzeuge - AutoEdu\" \/>\n<meta property=\"og:description\" content=\"Die richtige Auswahl und Verwendung von Ausr\u00fcstung und Werkzeugen hilft Autowerkst\u00e4tten, Fahrzeuge erfolgreich zu warten.\" \/>\n<meta property=\"og:url\" content=\"https:\/\/autoedu.info\/de\/ausruestung-und-werkzeuge\/\" \/>\n<meta property=\"og:site_name\" content=\"AutoEdu\" \/>\n<meta property=\"article:modified_time\" content=\"2023-04-06T21:41:22+00:00\" \/>\n<meta property=\"og:image\" content=\"https:\/\/autoedu.info\/wp-content\/uploads\/2023\/04\/Ausrustung-und-Werkzeuge.jpg\" \/>\n\t<meta property=\"og:image:width\" content=\"450\" \/>\n\t<meta property=\"og:image:height\" content=\"450\" \/>\n\t<meta property=\"og:image:type\" content=\"image\/jpeg\" \/>\n<meta name=\"twitter:card\" content=\"summary_large_image\" \/>\n<meta name=\"twitter:label1\" content=\"Gesch\u00e4tzte Lesezeit\" \/>\n\t<meta name=\"twitter:data1\" content=\"1\u00a0Minute\" \/>\n<script type=\"application\/ld+json\" class=\"yoast-schema-graph\">{\"@context\":\"https:\/\/schema.org\",\"@graph\":[{\"@type\":\"WebPage\",\"@id\":\"https:\/\/autoedu.info\/de\/ausruestung-und-werkzeuge\/\",\"url\":\"https:\/\/autoedu.info\/de\/ausruestung-und-werkzeuge\/\",\"name\":\"Ausr\u00fcstung und werkzeuge - AutoEdu\",\"isPartOf\":{\"@id\":\"https:\/\/autoedu.info\/#website\"},\"primaryImageOfPage\":{\"@id\":\"https:\/\/autoedu.info\/de\/ausruestung-und-werkzeuge\/#primaryimage\"},\"image\":{\"@id\":\"https:\/\/autoedu.info\/de\/ausruestung-und-werkzeuge\/#primaryimage\"},\"thumbnailUrl\":\"https:\/\/autoedu.info\/wp-content\/uploads\/2023\/04\/Ausrustung-und-Werkzeuge.jpg\",\"datePublished\":\"2018-12-26T16:28:50+00:00\",\"dateModified\":\"2023-04-06T21:41:22+00:00\",\"description\":\"Die richtige Auswahl und Verwendung von Ausr\u00fcstung und Werkzeugen hilft Autowerkst\u00e4tten, Fahrzeuge erfolgreich zu warten.\",\"breadcrumb\":{\"@id\":\"https:\/\/autoedu.info\/de\/ausruestung-und-werkzeuge\/#breadcrumb\"},\"inLanguage\":\"de\",\"potentialAction\":[{\"@type\":\"ReadAction\",\"target\":[\"https:\/\/autoedu.info\/de\/ausruestung-und-werkzeuge\/\"]}]},{\"@type\":\"ImageObject\",\"inLanguage\":\"de\",\"@id\":\"https:\/\/autoedu.info\/de\/ausruestung-und-werkzeuge\/#primaryimage\",\"url\":\"https:\/\/autoedu.info\/wp-content\/uploads\/2023\/04\/Ausrustung-und-Werkzeuge.jpg\",\"contentUrl\":\"https:\/\/autoedu.info\/wp-content\/uploads\/2023\/04\/Ausrustung-und-Werkzeuge.jpg\",\"width\":450,\"height\":450},{\"@type\":\"BreadcrumbList\",\"@id\":\"https:\/\/autoedu.info\/de\/ausruestung-und-werkzeuge\/#breadcrumb\",\"itemListElement\":[{\"@type\":\"ListItem\",\"position\":1,\"name\":\"Po\u010detna\",\"item\":\"https:\/\/autoedu.info\/de\/\"},{\"@type\":\"ListItem\",\"position\":2,\"name\":\"Ausr\u00fcstung und werkzeuge\"}]},{\"@type\":\"WebSite\",\"@id\":\"https:\/\/autoedu.info\/#website\",\"url\":\"https:\/\/autoedu.info\/\",\"name\":\"AutoEdu\",\"description\":\"Autotehnika Procedure Edukacija\",\"potentialAction\":[{\"@type\":\"SearchAction\",\"target\":{\"@type\":\"EntryPoint\",\"urlTemplate\":\"https:\/\/autoedu.info\/?s={search_term_string}\"},\"query-input\":{\"@type\":\"PropertyValueSpecification\",\"valueRequired\":true,\"valueName\":\"search_term_string\"}}],\"inLanguage\":\"de\"}]}<\/script>\n<!-- \/ Yoast SEO plugin. -->","yoast_head_json":{"title":"Ausr\u00fcstung und werkzeuge - AutoEdu","description":"Die richtige Auswahl und Verwendung von Ausr\u00fcstung und Werkzeugen hilft Autowerkst\u00e4tten, Fahrzeuge erfolgreich zu warten.","robots":{"index":"index","follow":"follow","max-snippet":"max-snippet:-1","max-image-preview":"max-image-preview:large","max-video-preview":"max-video-preview:-1"},"canonical":"https:\/\/autoedu.info\/de\/ausruestung-und-werkzeuge\/","og_locale":"de_DE","og_type":"article","og_title":"Ausr\u00fcstung und werkzeuge - AutoEdu","og_description":"Die richtige Auswahl und Verwendung von Ausr\u00fcstung und Werkzeugen hilft Autowerkst\u00e4tten, Fahrzeuge erfolgreich zu warten.","og_url":"https:\/\/autoedu.info\/de\/ausruestung-und-werkzeuge\/","og_site_name":"AutoEdu","article_modified_time":"2023-04-06T21:41:22+00:00","og_image":[{"width":450,"height":450,"url":"https:\/\/autoedu.info\/wp-content\/uploads\/2023\/04\/Ausrustung-und-Werkzeuge.jpg","type":"image\/jpeg"}],"twitter_card":"summary_large_image","twitter_misc":{"Gesch\u00e4tzte Lesezeit":"1\u00a0Minute"},"schema":{"@context":"https:\/\/schema.org","@graph":[{"@type":"WebPage","@id":"https:\/\/autoedu.info\/de\/ausruestung-und-werkzeuge\/","url":"https:\/\/autoedu.info\/de\/ausruestung-und-werkzeuge\/","name":"Ausr\u00fcstung und werkzeuge - AutoEdu","isPartOf":{"@id":"https:\/\/autoedu.info\/#website"},"primaryImageOfPage":{"@id":"https:\/\/autoedu.info\/de\/ausruestung-und-werkzeuge\/#primaryimage"},"image":{"@id":"https:\/\/autoedu.info\/de\/ausruestung-und-werkzeuge\/#primaryimage"},"thumbnailUrl":"https:\/\/autoedu.info\/wp-content\/uploads\/2023\/04\/Ausrustung-und-Werkzeuge.jpg","datePublished":"2018-12-26T16:28:50+00:00","dateModified":"2023-04-06T21:41:22+00:00","description":"Die richtige Auswahl und Verwendung von Ausr\u00fcstung und Werkzeugen hilft Autowerkst\u00e4tten, Fahrzeuge erfolgreich zu warten.","breadcrumb":{"@id":"https:\/\/autoedu.info\/de\/ausruestung-und-werkzeuge\/#breadcrumb"},"inLanguage":"de","potentialAction":[{"@type":"ReadAction","target":["https:\/\/autoedu.info\/de\/ausruestung-und-werkzeuge\/"]}]},{"@type":"ImageObject","inLanguage":"de","@id":"https:\/\/autoedu.info\/de\/ausruestung-und-werkzeuge\/#primaryimage","url":"https:\/\/autoedu.info\/wp-content\/uploads\/2023\/04\/Ausrustung-und-Werkzeuge.jpg","contentUrl":"https:\/\/autoedu.info\/wp-content\/uploads\/2023\/04\/Ausrustung-und-Werkzeuge.jpg","width":450,"height":450},{"@type":"BreadcrumbList","@id":"https:\/\/autoedu.info\/de\/ausruestung-und-werkzeuge\/#breadcrumb","itemListElement":[{"@type":"ListItem","position":1,"name":"Po\u010detna","item":"https:\/\/autoedu.info\/de\/"},{"@type":"ListItem","position":2,"name":"Ausr\u00fcstung und werkzeuge"}]},{"@type":"WebSite","@id":"https:\/\/autoedu.info\/#website","url":"https:\/\/autoedu.info\/","name":"AutoEdu","description":"Autotehnika Procedure Edukacija","potentialAction":[{"@type":"SearchAction","target":{"@type":"EntryPoint","urlTemplate":"https:\/\/autoedu.info\/?s={search_term_string}"},"query-input":{"@type":"PropertyValueSpecification","valueRequired":true,"valueName":"search_term_string"}}],"inLanguage":"de"}]}},"_links":{"self":[{"href":"https:\/\/autoedu.info\/de\/wp-json\/wp\/v2\/pages\/14317","targetHints":{"allow":["GET"]}}],"collection":[{"href":"https:\/\/autoedu.info\/de\/wp-json\/wp\/v2\/pages"}],"about":[{"href":"https:\/\/autoedu.info\/de\/wp-json\/wp\/v2\/types\/page"}],"author":[{"embeddable":true,"href":"https:\/\/autoedu.info\/de\/wp-json\/wp\/v2\/users\/2"}],"replies":[{"embeddable":true,"href":"https:\/\/autoedu.info\/de\/wp-json\/wp\/v2\/comments?post=14317"}],"version-history":[{"count":12,"href":"https:\/\/autoedu.info\/de\/wp-json\/wp\/v2\/pages\/14317\/revisions"}],"predecessor-version":[{"id":14478,"href":"https:\/\/autoedu.info\/de\/wp-json\/wp\/v2\/pages\/14317\/revisions\/14478"}],"wp:featuredmedia":[{"embeddable":true,"href":"https:\/\/autoedu.info\/de\/wp-json\/wp\/v2\/media\/14431"}],"wp:attachment":[{"href":"https:\/\/autoedu.info\/de\/wp-json\/wp\/v2\/media?parent=14317"}],"curies":[{"name":"wp","href":"https:\/\/api.w.org\/{rel}","templated":true}]}}