{"id":14274,"date":"2018-12-30T06:42:16","date_gmt":"2018-12-30T05:42:16","guid":{"rendered":"https:\/\/autoedu.info\/pravila-koriscenja\/"},"modified":"2023-04-03T11:29:45","modified_gmt":"2023-04-03T09:29:45","slug":"datenschutzerklaerung","status":"publish","type":"page","link":"https:\/\/autoedu.info\/de\/datenschutzerklaerung\/","title":{"rendered":"Datenschutzerkl\u00e4rung"},"content":{"rendered":"<div id=\"tdi_1\" class=\"tdc-row\"><div class=\"vc_row tdi_2  wpb_row td-pb-row\" >\n<style scoped>\n\/* custom css - generated by TagDiv Composer *\/\n\n\/* custom css - generated by TagDiv Composer *\/\n.tdi_2,\r\n                .tdi_2 .tdc-columns{\r\n                    min-height: 0;\r\n                }.tdi_2,\r\n\t\t\t\t.tdi_2 .tdc-columns{\r\n\t\t\t\t    display: block;\r\n\t\t\t\t}.tdi_2 .tdc-columns{\r\n\t\t\t\t    width: 100%;\r\n\t\t\t\t}.tdi_2:before,\r\n\t\t\t\t.tdi_2:after{\r\n\t\t\t\t    display: table;\r\n\t\t\t\t}\n<\/style><div class=\"vc_column tdi_4  wpb_column vc_column_container tdc-column td-pb-span12\">\n<style scoped>\n\/* custom css - generated by TagDiv Composer *\/\n\n\/* custom css - generated by TagDiv Composer *\/\n.tdi_4{\r\n                    vertical-align: baseline;\r\n                }.tdi_4 > .wpb_wrapper,\r\n\t\t\t\t.tdi_4 > .wpb_wrapper > .tdc-elements{\r\n\t\t\t\t    display: block;\r\n\t\t\t\t}.tdi_4 > .wpb_wrapper > .tdc-elements{\r\n\t\t\t\t    width: 100%;\r\n\t\t\t\t}.tdi_4 > .wpb_wrapper > .vc_row_inner{\r\n\t\t\t\t    width: auto;\r\n\t\t\t\t}.tdi_4 > .wpb_wrapper{\r\n\t\t\t\t    width: auto;\r\n\t\t\t\t    height: auto;\r\n\t\t\t\t}\n<\/style><div class=\"wpb_wrapper\" >[vc_column_text]<strong>Nutzungsbedingungen<\/strong>\r\n\r\nWillkommen auf dem Internetportal. Das Portal erm\u00f6glicht Ihnen die Nutzung der Dienste und Inhalte seines Portals, die den unten aufgef\u00fchrten Nutzungsbedingungen unterliegen.\r\n\r\nIndem Sie auf dieses Portal zugreifen, es durchsuchen und\/oder nutzen, best\u00e4tigen Sie, dass Sie diese Regeln gelesen und verstanden haben und stimmen zu, an sie gebunden zu sein und in \u00dcbereinstimmung mit allen geltenden Gesetzen und Vorschriften zu handeln.\r\n\r\n<strong>Urheberrechte<\/strong> \u00a9\r\n\r\nDas Portal beansprucht f\u00fcr alle eigenen Inhalte (Text-, Bild- und Tonmaterialien und Datenbanken) das Urheberrecht. Die unbefugte Nutzung eines Teils des Portals gilt als Verletzung des Urheberrechts des Portals und wird rechtlich verfolgt. Wenn Sie einen Teil unserer Inhalte herunterladen m\u00f6chten, m\u00fcssen Sie die Quelle signieren und einen gut sichtbaren Link zum Portal setzen.\r\n\r\nDem Portal sind keine Urheberrechtsverletzungen bekannt. Wenn Sie der Meinung sind, dass das Portal Ihr Urheberrecht verletzt hat, wird der Fall unverz\u00fcglich \u00fcberpr\u00fcft und der betreffende Inhalt wird unverz\u00fcglich entfernt, nachdem der Wahrheitsgehalt der Beschwerde festgestellt wurde.\r\n\r\n<strong>Nutzung von Portalinhalten<\/strong>\r\n\r\nDas Portal und alle darin enthaltenen Informationen dienen ausschlie\u00dflich und ausschlie\u00dflich der Information f\u00fcr Ihren eigenen Gebrauch und auf Ihr eigenes Risiko.\r\n\r\nDies ist keine Best\u00e4tigung oder Garantie daf\u00fcr, dass die Informationen auf diesem Portal richtig, aktuell oder vollst\u00e4ndig sind, und diese Website kann m\u00f6glicherweise technische St\u00f6rungen oder typografische Fehler enthalten.\r\n\r\n<strong>Gew\u00e4hrleistungsausschluss und Haftungsbeschr\u00e4nkung<\/strong>\r\n\r\nDas Portal gibt keine Garantien und ist nicht verantwortlich f\u00fcr die Richtigkeit, den Inhalt, die Rechtm\u00e4\u00dfigkeit, die Funktionsf\u00e4higkeit und die Verf\u00fcgbarkeit der angezeigten Informationen und Inhalte durch darauf angezeigte Werbung. Das Portal ist nicht verantwortlich f\u00fcr die falsche und nicht rechtzeitige Lieferung von Informationen oder Inhalten. Das Portal garantiert keine Dienstleistungen oder Produkte, auf die \u00fcber unser Portal \u00fcber Links und Werbung darauf zugegriffen wird, sowie keine Informationen und Ratschl\u00e4ge, auf die dar\u00fcber zugegriffen wird.\r\n\r\nUnter keinen Umst\u00e4nden haftet das Portal gegen\u00fcber einem Benutzer f\u00fcr die ordnungsgem\u00e4\u00dfe oder unsachgem\u00e4\u00dfe Nutzung der Website. Das Portal haftet im Sinne dieser Nutzungsbedingungen nicht f\u00fcr Sch\u00e4den, die dem Nutzer durch die ordnungsgem\u00e4\u00dfe oder unsachgem\u00e4\u00dfe Nutzung der Website entstehen. Unter keinen Umst\u00e4nden ist das Portal verantwortlich und haftbar f\u00fcr direkte, indirekte, zuf\u00e4llige, Folge-, Sonder-, Straf- oder zuf\u00e4llige Sch\u00e4den, unabh\u00e4ngig davon, ob diese Anspr\u00fcche auf Gew\u00e4hrleistung, Vertrag, Beleidigung, Fahrl\u00e4ssigkeit oder anderweitig beruhen.\r\n\r\nDiese Haftungsbeschr\u00e4nkung gilt unabh\u00e4ngig davon, ob der Schaden aus der richtigen oder falschen Nutzung des Portals oder dem Vertrauen auf das Portal, aus der Unm\u00f6glichkeit, die Dienste des Portals zu nutzen, oder aus der Unterbrechung, Aussetzung oder Beendigung der Dienste des Portals resultiert ( einschlie\u00dflich der F\u00e4lle, in denen der Grund daf\u00fcr ein Dritter ist).\r\n\r\nDie Haftungsbeschr\u00e4nkung gilt auch f\u00fcr die Kosten f\u00fcr den Kauf oder Ersatz von Produkten und Dienstleistungen, entgangenen Gewinn oder Datenverlust, unabh\u00e4ngig vom ordnungsgem\u00e4\u00dfen oder nicht ordnungsgem\u00e4\u00dfen Funktionieren der Website.\r\n\r\nUnter keinen Umst\u00e4nden ist das Portal verantwortlich f\u00fcr fehlerhaftes Funktionieren oder Unterbrechung des Dienstes, die direkt oder indirekt durch Naturgewalten, Naturkatastrophen oder Ursachen au\u00dferhalb der angemessenen Kontrolle verursacht werden, einschlie\u00dflich, aber nicht beschr\u00e4nkt auf Probleme beim Funktionieren des Internets, Fehlfunktionen von Computerausr\u00fcstung oder Probleme mit derselben, Funktionsst\u00f6rungen von Telekommunikationsausr\u00fcstung oder einer anderen Art von Ger\u00e4ten und Ausr\u00fcstung, Stromausf\u00e4lle, Streiks, Arbeitsniederlegungen, Unruhen, Aufst\u00e4nde, Revolutionen, zivile Unruhen, Content- oder Arbeitskr\u00e4ftemangel, Br\u00e4nde, \u00dcberschwemmungen , St\u00fcrme, Explosionen, Naturkatastrophen aller Art, Kriegszerst\u00f6rung, Ma\u00dfnahmen der Regierung, nationale und internationale Gerichtsbeschl\u00fcsse, Nichtmitwirkung Dritter und Probleme mit Heizung, Beleuchtung und Klimaanlage.\r\n\r\n<strong>Links zu externen Websites<\/strong>\r\n\r\nDas Portal enth\u00e4lt Links zu Webseiten, die au\u00dferhalb seines eigenen Portals liegen, ver\u00f6ffentlicht diese nach bestem Wissen und kann nicht f\u00fcr Inhalte au\u00dferhalb des Portals verantwortlich gemacht werden.\r\n\r\n<strong>Regeln f\u00fcr die Nutzung des Newsletters<\/strong>\r\n\r\nDas Portal gibt nach Treu und Glauben regelm\u00e4\u00dfig einen kurzen Newsletter heraus, der an Portalbenutzer verteilt wird, die sich zuvor f\u00fcr den Erhalt solcher Newsletter registriert haben.\r\n\r\nDer Newsletter wird kostenlos in Form einer E-Mail-Nachricht an die Adressen aller zuvor registrierten Benutzer in einer von der Portalredaktion festgelegten H\u00e4ufigkeit versendet, die nicht h\u00e4ufiger als einmal pro Woche sein darf.\r\n\r\nDer Newsletter kann alle Informationen enthalten, die auf dem Portal zu finden sind (Neuigkeiten, Werbeangebote der Fluggesellschaft, Aktionen von Kielo doo, \u00c4nderungen an verschiedenen Buchungs- und Ticketkaufregeln), die auf dem Portal zu finden sind. Informationen k\u00f6nnen aus dem Portal in gek\u00fcrzter Form mit der M\u00f6glichkeit einer Verlinkung zum Volltext auf dem Portal selbst \u00fcbernommen werden.\r\n\r\nDer Newsletter enth\u00e4lt zwingend eine Absenderangabe sowie den Hinweis, dass der Versand im Sinne des Empf\u00e4ngers erfolgt ist. Den Empf\u00e4ngern des Newsletters wird die M\u00f6glichkeit zur sofortigen Abmeldung aus der Empf\u00e4ngerliste einger\u00e4umt und sie m\u00fcssen bei Erhalt des Newsletters auf diese M\u00f6glichkeit hingewiesen werden.\r\n\r\nNutzer des Portals haben die M\u00f6glichkeit, sich eigenst\u00e4ndig in den Newsletter-Verteiler einzutragen. Auf dem Portal k\u00f6nnen sie jederzeit eine Bewerbung in die Liste eintragen. Das Portal pr\u00fcft die registrierte E-Mail-Adresse und nimmt nur die E-Mail-Adresse in die Liste auf, die der Nutzer zus\u00e4tzlich best\u00e4tigt. Neben dem Basisregistrierungsformular kann das Portal den Nutzern weitere M\u00f6glichkeiten der Registrierung im Rahmen der Registrierung f\u00fcr bestimmte spezielle Inhalte auf dem Portal oder bei der Buchung und dem Kauf von Flugtickets anbieten. In diesem Fall kann die Anmeldung f\u00fcr die Newsletter-Liste keine Standardoption sein, sondern nur der Benutzer kann sie nachtr\u00e4glich w\u00e4hlen, indem er diese Sonderregeln f\u00fcr die Nutzung des Newsletters akzeptiert.\r\n\r\nDie Abmeldung einer E-Mail-Adresse aus der Newsletter-Liste muss zus\u00e4tzlich durch das Versenden einer Verifizierungs-E-Mail an den Nutzer best\u00e4tigt werden. Nach dem L\u00f6schen des Benutzers aus der Liste sendet das Portal dem Benutzer eine E-Mail mit der Best\u00e4tigung der Abmeldung.\r\n\r\nDas Portal garantiert allen registrierten Nutzern die Anwendung der Datenschutzbestimmungen aus dieser Verordnung. Bei der Bearbeitung des Newsletters und seiner Verteilung respektiert das Portal die geltenden Werbegesetze und andere, die diesen Bereich regeln k\u00f6nnen.\r\n\r\n<strong>Benutzerbenachrichtigungen<\/strong>\r\n\r\nWenn Sie Fragen oder Anmerkungen zum Portal haben, kontaktieren Sie uns bitte.\r\n\r\n<strong>Verschiedene Bestimmungen<\/strong>\r\n\r\nDiese Nutzungsbedingungen stellen die gesamte Vereinbarung zwischen den jeweiligen Parteien dar und ersetzen vollst\u00e4ndig alle vorherigen schriftlichen oder m\u00fcndlichen Vereinbarungen zum gleichen Gegenstand. Abweichungen von den Vertragsbestimmungen sind nur wirksam, wenn sie schriftlich durch das Portal erfolgen.\r\n\r\n<strong>\u00c4nderungen der Benutzungsordnung<\/strong>\r\n\r\nDas Portal kann diese Nutzungsbedingungen und alle anderen auf diesem Portal enthaltenen Informationen jederzeit ohne vorherige Ank\u00fcndigung durch Aktualisierung der Seite \u00e4ndern.\r\n\r\n<strong>Zustimmung zu den Nutzungsbedingungen<\/strong>\r\n\r\nDurch die Nutzung des Portals selbst stimmen Sie diesen Regeln zu und es ist keine besondere Zustimmung des Benutzers erforderlich, um an diese Regeln gebunden zu sein. Die st\u00e4ndige Kenntnis dieser Regeln und Nutzungsbedingungen des Portals ist die Pflicht des Benutzers des Portals.\r\n\r\n*F\u00fcr alle anderen Informationen, die nicht in diesen Nutzungsregeln enthalten sind, besuchen Sie die Kontaktseite.[\/vc_column_text]<\/div><\/div><\/div><\/div>","protected":false},"excerpt":{"rendered":"[vc_column_text]Nutzungsbedingungen Willkommen auf dem Internetportal. Das Portal erm\u00f6glicht Ihnen die Nutzung der Dienste und Inhalte seines Portals, die den unten aufgef\u00fchrten Nutzungsbedingungen unterliegen. Indem Sie auf dieses Portal zugreifen, es durchsuchen und\/oder nutzen, best\u00e4tigen Sie, dass Sie diese Regeln gelesen und verstanden haben und stimmen zu, an sie gebunden zu sein und in \u00dcbereinstimmung mit [...]","protected":false},"author":2,"featured_media":0,"parent":0,"menu_order":0,"comment_status":"closed","ping_status":"closed","template":"","meta":{"footnotes":""},"class_list":["post-14274","page","type-page","status-publish"],"yoast_head":"<!-- This site is optimized with the Yoast SEO plugin v25.0 - https:\/\/yoast.com\/wordpress\/plugins\/seo\/ -->\n<title>Datenschutzerkl\u00e4rung - AutoEdu<\/title>\n<meta name=\"robots\" content=\"index, follow, max-snippet:-1, max-image-preview:large, max-video-preview:-1\" \/>\n<link rel=\"canonical\" href=\"https:\/\/autoedu.info\/de\/datenschutzerklaerung\/\" \/>\n<meta property=\"og:locale\" content=\"de_DE\" \/>\n<meta property=\"og:type\" content=\"article\" \/>\n<meta property=\"og:title\" content=\"Datenschutzerkl\u00e4rung - AutoEdu\" \/>\n<meta property=\"og:url\" content=\"https:\/\/autoedu.info\/de\/datenschutzerklaerung\/\" \/>\n<meta property=\"og:site_name\" content=\"AutoEdu\" \/>\n<meta property=\"article:modified_time\" content=\"2023-04-03T09:29:45+00:00\" \/>\n<meta name=\"twitter:card\" content=\"summary_large_image\" \/>\n<meta name=\"twitter:label1\" content=\"Gesch\u00e4tzte Lesezeit\" \/>\n\t<meta name=\"twitter:data1\" content=\"6\u00a0Minuten\" \/>\n<script type=\"application\/ld+json\" class=\"yoast-schema-graph\">{\"@context\":\"https:\/\/schema.org\",\"@graph\":[{\"@type\":\"WebPage\",\"@id\":\"https:\/\/autoedu.info\/de\/datenschutzerklaerung\/\",\"url\":\"https:\/\/autoedu.info\/de\/datenschutzerklaerung\/\",\"name\":\"Datenschutzerkl\u00e4rung - AutoEdu\",\"isPartOf\":{\"@id\":\"https:\/\/autoedu.info\/#website\"},\"datePublished\":\"2018-12-30T05:42:16+00:00\",\"dateModified\":\"2023-04-03T09:29:45+00:00\",\"breadcrumb\":{\"@id\":\"https:\/\/autoedu.info\/de\/datenschutzerklaerung\/#breadcrumb\"},\"inLanguage\":\"de\",\"potentialAction\":[{\"@type\":\"ReadAction\",\"target\":[\"https:\/\/autoedu.info\/de\/datenschutzerklaerung\/\"]}]},{\"@type\":\"BreadcrumbList\",\"@id\":\"https:\/\/autoedu.info\/de\/datenschutzerklaerung\/#breadcrumb\",\"itemListElement\":[{\"@type\":\"ListItem\",\"position\":1,\"name\":\"Po\u010detna\",\"item\":\"https:\/\/autoedu.info\/de\/\"},{\"@type\":\"ListItem\",\"position\":2,\"name\":\"Datenschutzerkl\u00e4rung\"}]},{\"@type\":\"WebSite\",\"@id\":\"https:\/\/autoedu.info\/#website\",\"url\":\"https:\/\/autoedu.info\/\",\"name\":\"AutoEdu\",\"description\":\"Autotehnika Procedure Edukacija\",\"potentialAction\":[{\"@type\":\"SearchAction\",\"target\":{\"@type\":\"EntryPoint\",\"urlTemplate\":\"https:\/\/autoedu.info\/?s={search_term_string}\"},\"query-input\":{\"@type\":\"PropertyValueSpecification\",\"valueRequired\":true,\"valueName\":\"search_term_string\"}}],\"inLanguage\":\"de\"}]}<\/script>\n<!-- \/ Yoast SEO plugin. -->","yoast_head_json":{"title":"Datenschutzerkl\u00e4rung - AutoEdu","robots":{"index":"index","follow":"follow","max-snippet":"max-snippet:-1","max-image-preview":"max-image-preview:large","max-video-preview":"max-video-preview:-1"},"canonical":"https:\/\/autoedu.info\/de\/datenschutzerklaerung\/","og_locale":"de_DE","og_type":"article","og_title":"Datenschutzerkl\u00e4rung - AutoEdu","og_url":"https:\/\/autoedu.info\/de\/datenschutzerklaerung\/","og_site_name":"AutoEdu","article_modified_time":"2023-04-03T09:29:45+00:00","twitter_card":"summary_large_image","twitter_misc":{"Gesch\u00e4tzte Lesezeit":"6\u00a0Minuten"},"schema":{"@context":"https:\/\/schema.org","@graph":[{"@type":"WebPage","@id":"https:\/\/autoedu.info\/de\/datenschutzerklaerung\/","url":"https:\/\/autoedu.info\/de\/datenschutzerklaerung\/","name":"Datenschutzerkl\u00e4rung - AutoEdu","isPartOf":{"@id":"https:\/\/autoedu.info\/#website"},"datePublished":"2018-12-30T05:42:16+00:00","dateModified":"2023-04-03T09:29:45+00:00","breadcrumb":{"@id":"https:\/\/autoedu.info\/de\/datenschutzerklaerung\/#breadcrumb"},"inLanguage":"de","potentialAction":[{"@type":"ReadAction","target":["https:\/\/autoedu.info\/de\/datenschutzerklaerung\/"]}]},{"@type":"BreadcrumbList","@id":"https:\/\/autoedu.info\/de\/datenschutzerklaerung\/#breadcrumb","itemListElement":[{"@type":"ListItem","position":1,"name":"Po\u010detna","item":"https:\/\/autoedu.info\/de\/"},{"@type":"ListItem","position":2,"name":"Datenschutzerkl\u00e4rung"}]},{"@type":"WebSite","@id":"https:\/\/autoedu.info\/#website","url":"https:\/\/autoedu.info\/","name":"AutoEdu","description":"Autotehnika Procedure Edukacija","potentialAction":[{"@type":"SearchAction","target":{"@type":"EntryPoint","urlTemplate":"https:\/\/autoedu.info\/?s={search_term_string}"},"query-input":{"@type":"PropertyValueSpecification","valueRequired":true,"valueName":"search_term_string"}}],"inLanguage":"de"}]}},"_links":{"self":[{"href":"https:\/\/autoedu.info\/de\/wp-json\/wp\/v2\/pages\/14274","targetHints":{"allow":["GET"]}}],"collection":[{"href":"https:\/\/autoedu.info\/de\/wp-json\/wp\/v2\/pages"}],"about":[{"href":"https:\/\/autoedu.info\/de\/wp-json\/wp\/v2\/types\/page"}],"author":[{"embeddable":true,"href":"https:\/\/autoedu.info\/de\/wp-json\/wp\/v2\/users\/2"}],"replies":[{"embeddable":true,"href":"https:\/\/autoedu.info\/de\/wp-json\/wp\/v2\/comments?post=14274"}],"version-history":[{"count":5,"href":"https:\/\/autoedu.info\/de\/wp-json\/wp\/v2\/pages\/14274\/revisions"}],"predecessor-version":[{"id":14316,"href":"https:\/\/autoedu.info\/de\/wp-json\/wp\/v2\/pages\/14274\/revisions\/14316"}],"wp:attachment":[{"href":"https:\/\/autoedu.info\/de\/wp-json\/wp\/v2\/media?parent=14274"}],"curies":[{"name":"wp","href":"https:\/\/api.w.org\/{rel}","templated":true}]}}